{"id":160,"date":"2022-06-22T10:18:36","date_gmt":"2022-06-22T13:18:36","guid":{"rendered":"http:\/\/site-demo.wntdtvm.com\/?page_id=160"},"modified":"2022-06-27T22:49:13","modified_gmt":"2022-06-28T01:49:13","slug":"canal-de-denuncia","status":"publish","type":"page","link":"https:\/\/www.wntdtvm.com\/en\/canal-de-denuncia\/","title":{"rendered":"Complaints Channel"},"content":{"rendered":"<div data-elementor-type=\"wp-page\" data-elementor-id=\"160\" class=\"elementor elementor-160\">\n\t\t\t\t\t\t\t\t\t<section class=\"elementor-section elementor-top-section elementor-element elementor-element-99834ae elementor-section-full_width elementor-section-height-default elementor-section-height-default\" data-id=\"99834ae\" data-element_type=\"section\" data-settings=\"{&quot;jet_parallax_layout_list&quot;:[]}\">\n\t\t\t\t\t\t<div class=\"elementor-container elementor-column-gap-default\">\n\t\t\t\t\t<div class=\"elementor-column elementor-col-100 elementor-top-column elementor-element elementor-element-f9d18c3\" data-id=\"f9d18c3\" data-element_type=\"column\">\n\t\t\t<div class=\"elementor-widget-wrap elementor-element-populated\">\n\t\t\t\t\t\t\t\t<div class=\"elementor-element elementor-element-3d5ca6b elementor-widget elementor-widget-shortcode\" data-id=\"3d5ca6b\" data-element_type=\"widget\" data-widget_type=\"shortcode.default\">\n\t\t\t\t<div class=\"elementor-widget-container\">\n\t\t\t\t\t<div class=\"elementor-shortcode\">\t\t<div data-elementor-type=\"page\" data-elementor-id=\"342\" class=\"elementor elementor-342\">\n\t\t\t\t\t\t\t\t\t<section class=\"elementor-section elementor-top-section elementor-element elementor-element-78f0c455 internal-banner elementor-section-boxed elementor-section-height-default elementor-section-height-default\" data-id=\"78f0c455\" data-element_type=\"section\" data-settings=\"{&quot;jet_parallax_layout_list&quot;:[]}\">\n\t\t\t\t\t\t<div class=\"elementor-container elementor-column-gap-default\">\n\t\t\t\t\t<div class=\"elementor-column elementor-col-100 elementor-top-column elementor-element elementor-element-59763b78\" data-id=\"59763b78\" data-element_type=\"column\">\n\t\t\t<div class=\"elementor-widget-wrap elementor-element-populated\">\n\t\t\t\t\t\t\t\t<div class=\"elementor-element elementor-element-21b087dc elementor-widget elementor-widget-heading\" data-id=\"21b087dc\" data-element_type=\"widget\" data-widget_type=\"heading.default\">\n\t\t\t\t<div class=\"elementor-widget-container\">\n\t\t\t<h1 class=\"elementor-heading-title elementor-size-default\">Complaints Channel<\/h1>\t\t<\/div>\n\t\t\t\t<\/div>\n\t\t\t\t\t<\/div>\n\t\t<\/div>\n\t\t\t\t\t\t\t<\/div>\n\t\t<\/section>\n\t\t\t\t<section class=\"elementor-section elementor-top-section elementor-element elementor-element-39390a98 elementor-section-boxed elementor-section-height-default elementor-section-height-default\" data-id=\"39390a98\" data-element_type=\"section\" data-settings=\"{&quot;background_background&quot;:&quot;classic&quot;,&quot;jet_parallax_layout_list&quot;:[]}\">\n\t\t\t\t\t\t<div class=\"elementor-container elementor-column-gap-default\">\n\t\t\t\t\t<div class=\"elementor-column elementor-col-50 elementor-top-column elementor-element elementor-element-5bcee7ef\" data-id=\"5bcee7ef\" data-element_type=\"column\">\n\t\t\t<div class=\"elementor-widget-wrap elementor-element-populated\">\n\t\t\t\t\t\t\t\t<div class=\"elementor-element elementor-element-4e9cb3e5 elementor-widget elementor-widget-heading\" data-id=\"4e9cb3e5\" data-element_type=\"widget\" data-widget_type=\"heading.default\">\n\t\t\t\t<div class=\"elementor-widget-container\">\n\t\t\t<h2 class=\"elementor-heading-title elementor-size-default\">Nova den\u00fancia<\/h2>\t\t<\/div>\n\t\t\t\t<\/div>\n\t\t\t\t<div class=\"elementor-element elementor-element-6be1f128 elementor-button-align-center elementor-widget elementor-widget-form\" data-id=\"6be1f128\" data-element_type=\"widget\" data-settings=\"{&quot;step_next_label&quot;:&quot;Pr\\u00f3ximo&quot;,&quot;step_previous_label&quot;:&quot;Anterior&quot;,&quot;button_width&quot;:&quot;100&quot;,&quot;step_type&quot;:&quot;number_text&quot;,&quot;step_icon_shape&quot;:&quot;circle&quot;}\" data-widget_type=\"form.default\">\n\t\t\t\t<div class=\"elementor-widget-container\">\n\t\t\t\t\t<form class=\"elementor-form\" method=\"post\" id=\"contato\" name=\"Canal de den\u00fancia\" action=\"\">\n\t\t\t<input type=\"hidden\" name=\"post_id\" value=\"342\"\/>\n\t\t\t<input type=\"hidden\" name=\"form_id\" value=\"6be1f128\"\/>\n\t\t\t<input type=\"hidden\" name=\"referer_title\" value=\"\" \/>\n\n\t\t\t\n\t\t\t<div class=\"elementor-form-fields-wrapper elementor-labels-above\">\n\t\t\t\t\t\t\t\t<div class=\"elementor-field-type-text elementor-field-group elementor-column elementor-field-group-field_f78a8a2 elementor-col-100 elementor-field-required\">\n\t\t\t\t\t\t\t\t\t\t\t\t\t<input size=\"1\" type=\"text\" name=\"form_fields[field_f78a8a2]\" id=\"form-field-field_f78a8a2\" class=\"elementor-field elementor-size-md  elementor-field-textual\" placeholder=\"T\u00edtulo\" required=\"required\" aria-required=\"true\">\n\t\t\t\t\t\t\t\t\t\t\t<\/div>\n\t\t\t\t\t\t\t\t<div class=\"elementor-field-type-textarea elementor-field-group elementor-column elementor-field-group-message elementor-col-100 elementor-field-required\">\n\t\t\t\t\t<textarea class=\"elementor-field-textual elementor-field  elementor-size-md\" name=\"form_fields[message]\" id=\"form-field-message\" rows=\"4\" placeholder=\"Descri\u00e7\u00e3o\" required=\"required\" aria-required=\"true\"><\/textarea>\t\t\t\t<\/div>\n\t\t\t\t\t\t\t\t<div class=\"elementor-field-type-text elementor-field-group elementor-column elementor-field-group-name elementor-col-100\">\n\t\t\t\t\t\t\t\t\t\t\t\t\t<input size=\"1\" type=\"text\" name=\"form_fields[name]\" id=\"form-field-name\" class=\"elementor-field elementor-size-md  elementor-field-textual\" placeholder=\"Nome Completo (campo n\u00e3o obrigat\u00f3rio)\">\n\t\t\t\t\t\t\t\t\t\t\t<\/div>\n\t\t\t\t\t\t\t\t<div class=\"elementor-field-type-email elementor-field-group elementor-column elementor-field-group-email elementor-col-100\">\n\t\t\t\t\t\t\t\t\t\t\t\t\t<input size=\"1\" type=\"email\" name=\"form_fields[email]\" id=\"form-field-email\" class=\"elementor-field elementor-size-md  elementor-field-textual\" placeholder=\"E-mail (campo n\u00e3o obrigat\u00f3rio)\">\n\t\t\t\t\t\t\t\t\t\t\t<\/div>\n\t\t\t\t\t\t\t\t<div class=\"elementor-field-type-upload elementor-field-group elementor-column elementor-field-group-field_eeb9947 elementor-col-100\">\n\t\t\t\t\t\t\t\t\t\t\t\t<label for=\"form-field-field_eeb9947\" class=\"elementor-field-label\">\n\t\t\t\t\t\t\t\tClique ou arraste arquivos para anexar\t\t\t\t\t\t\t<\/label>\n\t\t\t\t\t\t\t\t<input type=\"file\" name=\"form_fields[field_eeb9947][]\" id=\"form-field-field_eeb9947\" class=\"elementor-field elementor-size-md  elementor-upload-field\" multiple=\"multiple\" data-maxsize=\"10\" data-maxsize-message=\"This file exceeds the maximum allowed size.\">\n\n\t\t\t\t\t\t<\/div>\n\t\t\t\t\t\t\t\t<div class=\"elementor-field-type-recaptcha elementor-field-group elementor-column elementor-field-group-field_e71e642 elementor-col-100\">\n\t\t\t\t\t<div class=\"elementor-field\" id=\"form-field-field_e71e642\"><div class=\"elementor-g-recaptcha\" data-sitekey=\"6LcWrqYpAAAAAL4ivEnxkmhQx7KV7PXcwJUOrVeX\" data-type=\"v2_checkbox\" data-theme=\"light\" data-size=\"normal\"><\/div><\/div>\t\t\t\t<\/div>\n\t\t\t\t\t\t\t\t<div class=\"elementor-field-group elementor-column elementor-field-type-submit elementor-col-100 e-form__buttons\">\n\t\t\t\t\t<button type=\"submit\" class=\"elementor-button elementor-size-sm\">\n\t\t\t\t\t\t<span >\n\t\t\t\t\t\t\t\t\t\t\t\t\t\t\t<span class=\"elementor-button-icon\">\n\t\t\t\t\t\t\t\t\t\t\t\t\t\t\t\t\t\t\t\t\t\t\t\t\t\t<\/span>\n\t\t\t\t\t\t\t\t\t\t\t\t\t\t\t\t\t\t\t\t\t\t<span class=\"elementor-button-text\">Enviar<\/span>\n\t\t\t\t\t\t\t\t\t\t\t\t\t<\/span>\n\t\t\t\t\t<\/button>\n\t\t\t\t<\/div>\n\t\t\t<\/div>\n\t\t<input type=\"hidden\" name=\"trp-form-language\" value=\"en\"\/><\/form>\n\t\t\t\t<\/div>\n\t\t\t\t<\/div>\n\t\t\t\t\t<\/div>\n\t\t<\/div>\n\t\t\t\t<div class=\"elementor-column elementor-col-50 elementor-top-column elementor-element elementor-element-4671a642\" data-id=\"4671a642\" data-element_type=\"column\">\n\t\t\t<div class=\"elementor-widget-wrap elementor-element-populated\">\n\t\t\t\t\t\t\t\t<div class=\"elementor-element elementor-element-f93476c elementor-widget elementor-widget-text-editor\" data-id=\"f93476c\" data-element_type=\"widget\" data-widget_type=\"text-editor.default\">\n\t\t\t\t<div class=\"elementor-widget-container\">\n\t\t\t\t\t\t\t<h5>Canal de Den\u00fancias &#8211; WNT DTVM<\/h5>\n<p>Este Canal de Den\u00fancias possui como finalidade o reporte de informa\u00e7\u00f5es relativas \u00e0 viola\u00e7\u00f5es de qualquer natureza, bem como suspeitas fundamentadas de viola\u00e7\u00f5es.<br>Trata-se de um meio de comunica\u00e7\u00e3o tanto para colaboradores quanto para terceiros.<br>A an\u00e1lise do conte\u00fado das den\u00fancias \u00e9 realizada exclusivamente pelo time de Compliance da WNT e todas as informa\u00e7\u00f5es do denunciante s\u00e3o tratadas com estrita confidencialidade, e apenas compartilhadas para a devida identifica\u00e7\u00e3o e an\u00e1lise do caso.<br>Embora a WNT garanta o anonimato, a WNT incentiva seus Colaboradores e a qualquer outro denunciante a identificarem-se durante o processo, pois suas pol\u00edticas s\u00e3o pautadas na independ\u00eancia da \u00e1rea de Compliance e na defesa de n\u00e3o retalia\u00e7\u00e3o.<br>A informa\u00e7\u00e3o fornecida poder\u00e1 motivar o in\u00edcio de investiga\u00e7\u00f5es internas, ou enviadas para equipes especializadas, bem como de investiga\u00e7\u00f5es por autoridades p\u00fablicas e a tomada de medidas judiciais cab\u00edveis. A dissemina\u00e7\u00e3o consciente de informa\u00e7\u00e3o falsa tamb\u00e9m ser\u00e1 tratada e ter\u00e1 consequ\u00eancias, inclusive judiciais caso aplic\u00e1vel.<\/p>\n<p>ATEN\u00c7\u00c3O: Este canal de den\u00fancias N\u00c3O \u00e9 um canal de emerg\u00eancia. N\u00e3o use este canal para denunciar amea\u00e7as iminentes \u00e0 vida. Nestes casos, somente a autoridade policial local poder\u00e1 interceder.<\/p>\t\t\t\t\t\t<\/div>\n\t\t\t\t<\/div>\n\t\t\t\t\t<\/div>\n\t\t<\/div>\n\t\t\t\t\t\t\t<\/div>\n\t\t<\/section>\n\t\t\t\t\t\t\t<\/div>\n\t\t<\/div>\n\t\t\t\t<\/div>\n\t\t\t\t<\/div>\n\t\t\t\t\t<\/div>\n\t\t<\/div>\n\t\t\t\t\t\t\t<\/div>\n\t\t<\/section>\n\t\t\t\t\t\t\t<\/div>","protected":false},"excerpt":{"rendered":"","protected":false},"author":2,"featured_media":0,"parent":0,"menu_order":0,"comment_status":"closed","ping_status":"closed","template":"elementor_header_footer","meta":{"_monsterinsights_skip_tracking":false,"_monsterinsights_sitenote_active":false,"_monsterinsights_sitenote_note":"","_monsterinsights_sitenote_category":0},"aioseo_notices":[],"_links":{"self":[{"href":"https:\/\/www.wntdtvm.com\/en\/wp-json\/wp\/v2\/pages\/160"}],"collection":[{"href":"https:\/\/www.wntdtvm.com\/en\/wp-json\/wp\/v2\/pages"}],"about":[{"href":"https:\/\/www.wntdtvm.com\/en\/wp-json\/wp\/v2\/types\/page"}],"author":[{"embeddable":true,"href":"https:\/\/www.wntdtvm.com\/en\/wp-json\/wp\/v2\/users\/2"}],"replies":[{"embeddable":true,"href":"https:\/\/www.wntdtvm.com\/en\/wp-json\/wp\/v2\/comments?post=160"}],"version-history":[{"count":6,"href":"https:\/\/www.wntdtvm.com\/en\/wp-json\/wp\/v2\/pages\/160\/revisions"}],"predecessor-version":[{"id":347,"href":"https:\/\/www.wntdtvm.com\/en\/wp-json\/wp\/v2\/pages\/160\/revisions\/347"}],"wp:attachment":[{"href":"https:\/\/www.wntdtvm.com\/en\/wp-json\/wp\/v2\/media?parent=160"}],"curies":[{"name":"wp","href":"https:\/\/api.w.org\/{rel}","templated":true}]}}