{"id":89,"date":"2022-06-15T13:27:16","date_gmt":"2022-06-15T16:27:16","guid":{"rendered":"http:\/\/site-demo.wntdtvm.com\/home\/"},"modified":"2026-02-11T17:08:01","modified_gmt":"2026-02-11T20:08:01","slug":"home","status":"publish","type":"page","link":"https:\/\/www.wntdtvm.com\/en\/","title":{"rendered":"Home"},"content":{"rendered":"<div data-elementor-type=\"wp-page\" data-elementor-id=\"89\" class=\"elementor elementor-89\">\n\t\t\t\t\t\t\t\t\t<section class=\"elementor-section elementor-top-section elementor-element elementor-element-38035af7 elementor-section-height-min-height elementor-section-items-stretch elementor-section-content-middle elementor-section-full_width homeBanner elementor-hidden-mobile elementor-section-height-default\" data-id=\"38035af7\" data-element_type=\"section\" data-settings=\"{&quot;background_background&quot;:&quot;classic&quot;,&quot;jet_parallax_layout_list&quot;:[]}\">\n\t\t\t\t\t\t<div class=\"elementor-container elementor-column-gap-no\">\n\t\t\t\t\t<div class=\"elementor-column elementor-col-100 elementor-top-column elementor-element elementor-element-768e2973\" data-id=\"768e2973\" data-element_type=\"column\">\n\t\t\t<div class=\"elementor-widget-wrap elementor-element-populated\">\n\t\t\t\t\t\t\t\t<div class=\"elementor-element elementor-element-f8c6935 elementor-widget-mobile__width-inherit elementor-aspect-ratio-169 elementor-widget elementor-widget-video\" data-id=\"f8c6935\" data-element_type=\"widget\" data-settings=\"{&quot;video_type&quot;:&quot;hosted&quot;,&quot;autoplay&quot;:&quot;yes&quot;,&quot;mute&quot;:&quot;yes&quot;,&quot;loop&quot;:&quot;yes&quot;,&quot;aspect_ratio&quot;:&quot;169&quot;}\" data-widget_type=\"video.default\">\n\t\t\t\t<div class=\"elementor-widget-container\">\n\t\t\t\t\t<div class=\"e-hosted-video elementor-wrapper elementor-fit-aspect-ratio elementor-open-inline\">\n\t\t\t\t\t<video class=\"elementor-video\" src=\"https:\/\/wntdtvm.com\/wp-content\/uploads\/2022\/06\/gifwntedit.mp4\" autoplay=\"\" loop=\"\" muted=\"muted\" controlslist=\"nodownload\"><\/video>\n\t\t\t\t<\/div>\n\t\t\t\t<\/div>\n\t\t\t\t<\/div>\n\t\t\t\t<div class=\"elementor-element elementor-element-8b1ef7b elementor-widget elementor-widget-html\" data-id=\"8b1ef7b\" data-element_type=\"widget\" data-widget_type=\"html.default\">\n\t\t\t\t<div class=\"elementor-widget-container\">\n\t\t\t<div class=\"homeBanner__txtBox container\">        \r\n                    <figcaption class=\"homeBanner__txtBox__content\">\r\n                        <p>The experience and sophistication of financial products on a single platform<\/p>\r\n                    <\/figcaption>\r\n                <\/div>\t\t<\/div>\n\t\t\t\t<\/div>\n\t\t\t\t\t<\/div>\n\t\t<\/div>\n\t\t\t\t\t\t\t<\/div>\n\t\t<\/section>\n\t\t\t\t<section class=\"elementor-section elementor-top-section elementor-element elementor-element-3470b71 elementor-section-content-middle elementor-reverse-tablet elementor-reverse-mobile elementor-section-boxed elementor-section-height-default elementor-section-height-default\" data-id=\"3470b71\" data-element_type=\"section\" data-settings=\"{&quot;background_background&quot;:&quot;classic&quot;,&quot;jet_parallax_layout_list&quot;:[]}\">\n\t\t\t\t\t\t<div class=\"elementor-container elementor-column-gap-no\">\n\t\t\t\t\t<div class=\"elementor-column elementor-col-50 elementor-top-column elementor-element elementor-element-1ebc1cb4\" data-id=\"1ebc1cb4\" data-element_type=\"column\">\n\t\t\t<div class=\"elementor-widget-wrap elementor-element-populated\">\n\t\t\t\t\t\t\t\t<div class=\"elementor-element elementor-element-9bbaa62 elementor-widget elementor-widget-heading\" data-id=\"9bbaa62\" data-element_type=\"widget\" data-widget_type=\"heading.default\">\n\t\t\t\t<div class=\"elementor-widget-container\">\n\t\t\t<h2 class=\"elementor-heading-title elementor-size-default\">About WNT<\/h2>\t\t<\/div>\n\t\t\t\t<\/div>\n\t\t\t\t<div class=\"elementor-element elementor-element-317ed369 elementor-widget elementor-widget-text-editor\" data-id=\"317ed369\" data-element_type=\"widget\" data-widget_type=\"text-editor.default\">\n\t\t\t\t<div class=\"elementor-widget-container\">\n\t\t\t\t\t\t\t<p>Somos uma distribuidora de t\u00edtulos e valores mobili\u00e1rios fundada por profissionais com experi\u00eancia comprovada e com uma vis\u00e3o disruptiva dos neg\u00f3cios de administra\u00e7\u00e3o fiduci\u00e1ria de fundos de investimento, especialmente de cr\u00e9dito e de pagamentos, com o objetivo de identificar oportunidades e investimentos com o que voc\u00ea precisa.<\/p><p>Nossas solu\u00e7\u00f5es financeiras foram estabelecidas , de acordo com as oportunidades de mercado e com o conceito do \u201cecossistema ampliado\u201d de nossos neg\u00f3cios e servi\u00e7os, apresentando diferenciais competitivos como: tecnologia pr\u00f3pria embarcada no neg\u00f3cio; servi\u00e7os de cust\u00f3dia e liquida\u00e7\u00e3o financeira \u00e1geis e seguros; conhecimento de produtos; oferta especializada na distribui\u00e7\u00e3o e cust\u00f3dia de t\u00edtulos de direitos credit\u00f3rios; e contas digitais para os investidores e para os pr\u00f3prios fundos administrados.<\/p><p>Nossa infraestrutura \u00e9 eficiente e escal\u00e1vel, nos permitindo agregar novos produtos e servi\u00e7os na medida da necessidade de nossos clientes.<\/p><p>Constru\u00edmos uma s\u00f3lida rela\u00e7\u00e3o com investidores e empresas, nacionais e internacionais, o que nos permitiu oferecer solu\u00e7\u00f5es de diversas complexidades nas mais variadas localidades, atendendo as necessidades de cada um de nossos clientes.<\/p>\t\t\t\t\t\t<\/div>\n\t\t\t\t<\/div>\n\t\t\t\t\t<\/div>\n\t\t<\/div>\n\t\t\t\t<div class=\"elementor-column elementor-col-50 elementor-top-column elementor-element elementor-element-631983ee\" data-id=\"631983ee\" data-element_type=\"column\">\n\t\t\t<div class=\"elementor-widget-wrap elementor-element-populated\">\n\t\t\t\t\t\t\t\t<div class=\"elementor-element elementor-element-243bba30 elementor-widget elementor-widget-image\" data-id=\"243bba30\" data-element_type=\"widget\" data-widget_type=\"image.default\">\n\t\t\t\t<div class=\"elementor-widget-container\">\n\t\t\t\t\t\t\t\t\t\t\t\t\t\t\t<img width=\"452\" height=\"396\" src=\"https:\/\/www.wntdtvm.com\/wp-content\/uploads\/2022\/06\/Group-6850.png\" class=\"attachment-full size-full\" alt=\"\" loading=\"lazy\" srcset=\"https:\/\/www.wntdtvm.com\/wp-content\/uploads\/2022\/06\/Group-6850.png 452w, https:\/\/www.wntdtvm.com\/wp-content\/uploads\/2022\/06\/Group-6850-300x263.png 300w, https:\/\/www.wntdtvm.com\/wp-content\/uploads\/2022\/06\/Group-6850-14x12.png 14w\" sizes=\"(max-width: 452px) 100vw, 452px\" \/>\t\t\t\t\t\t\t\t\t\t\t\t\t\t\t<\/div>\n\t\t\t\t<\/div>\n\t\t\t\t\t<\/div>\n\t\t<\/div>\n\t\t\t\t\t\t\t<\/div>\n\t\t<\/section>\n\t\t\t\t<section class=\"elementor-section elementor-top-section elementor-element elementor-element-e09d5e1 elementor-section-boxed elementor-section-height-default elementor-section-height-default\" data-id=\"e09d5e1\" data-element_type=\"section\" data-settings=\"{&quot;jet_parallax_layout_list&quot;:[]}\">\n\t\t\t\t\t\t\t<div class=\"elementor-background-overlay\"><\/div>\n\t\t\t\t\t\t\t<div class=\"elementor-container elementor-column-gap-default\">\n\t\t\t\t\t<div class=\"elementor-column elementor-col-100 elementor-top-column elementor-element elementor-element-152bb50\" data-id=\"152bb50\" data-element_type=\"column\">\n\t\t\t<div class=\"elementor-widget-wrap elementor-element-populated\">\n\t\t\t\t\t\t\t\t<div class=\"elementor-element elementor-element-5b22875 elementor-widget elementor-widget-heading\" data-id=\"5b22875\" data-element_type=\"widget\" data-widget_type=\"heading.default\">\n\t\t\t\t<div class=\"elementor-widget-container\">\n\t\t\t<h2 class=\"elementor-heading-title elementor-size-default\">Equipe<\/h2>\t\t<\/div>\n\t\t\t\t<\/div>\n\t\t\t\t<div class=\"elementor-element elementor-element-fce0b34 elementor--v-position-top elementor--h-position-center elementor-arrows-position-inside elementor-widget elementor-widget-slides\" data-id=\"fce0b34\" data-element_type=\"widget\" data-settings=\"{&quot;navigation&quot;:&quot;arrows&quot;,&quot;infinite&quot;:&quot;yes&quot;,&quot;transition&quot;:&quot;slide&quot;,&quot;transition_speed&quot;:500}\" data-widget_type=\"slides.default\">\n\t\t\t\t<div class=\"elementor-widget-container\">\n\t\t\t\t\t<div class=\"elementor-swiper\">\n\t\t\t<div class=\"elementor-slides-wrapper elementor-main-swiper swiper-container\" dir=\"ltr\" data-animation=\"\">\n\t\t\t\t<div class=\"swiper-wrapper elementor-slides\">\n\t\t\t\t\t\t\t\t\t\t<div class=\"elementor-repeater-item-29fecdf swiper-slide\"><div class=\"swiper-slide-bg\"><\/div><div class=\"swiper-slide-inner\" ><div class=\"swiper-slide-contents\"><div class=\"elementor-slide-heading\">Mario Sergio Duarte Garcia Neto<\/div><div class=\"elementor-slide-description\"><p style=\"font-size:25px;line-height: 30px\">Diretor de Riscos<\/p>\n<p>Graduado em Administra\u00e7\u00e3o de Empresas pela Funda\u00e7\u00e3o Armando \u00c1lvarez Penteado - FAAP. Atuando h\u00e1 mais de 08 anos no mercado financeiro, iniciou sua carreira profissional na Ask Gestora de Recursos LTDA, tornando-se s\u00f3cio em 2014.<\/p>\n<p>Participou ativamente da estrutura\u00e7\u00e3o e gest\u00e3o de diversos fundos de investimento que j\u00e1 operaram mais de 4 bilh\u00f5es de reais em diferentes frentes, como por exemplos: Cr\u00e9dito Consignado; Distressed Assets, Fundos multi cedentes \/ multi sacados, FIDC Fornecedores, dentre outros, al\u00e9m de ser s\u00f3cio da WNT Gestora de Recursos Ltda., atuando como o respons\u00e1vel pela gest\u00e3o de risco e PLD. <\/p>\n<p>Atualmente ocupa a posi\u00e7\u00e3o de Diretor de Riscos da WNT DTVM.<\/p>\n<p><a href=\"https:\/\/www.linkedin.com\/in\/mario-sergio-duarte-garcia-neto-70886028\/\" target=\"_blank\" rel=\"noopener\" tabindex=\"0\"><img style=\"width: 40px;margin-top: 10px\" src=\"https:\/\/www.wntdtvm.com\/wp-content\/uploads\/2022\/07\/pinpng.com-linkedin-png-533635.png\" alt=\"LinkedIn\"><\/a><\/p>\n<\/div><\/div><\/div><\/div><div class=\"elementor-repeater-item-d53af76 swiper-slide\"><div class=\"swiper-slide-bg\"><\/div><div class=\"swiper-slide-inner\" ><div class=\"swiper-slide-contents\"><div class=\"elementor-slide-heading\">Val\u00e9rio Marega J\u00fanior<\/div><div class=\"elementor-slide-description\"><p style=\"font-size:25px;line-height: 30px\">Diretor Executivo de Neg\u00f3cios<\/p>\n<p>Especialista em AMP pela IESE Business School, atuando h\u00e1 mais de 20 anos no mercado financeiro, iniciou sua carreira com atua\u00e7\u00e3o independente de Trading nas principais bolsas mundiais de a\u00e7\u00f5es e futuros, chegando a representar cerca de 2% do volume negociado no mercado futuro brasileiro de caf\u00e9.<\/p>\n<p>Atuando como agente aut\u00f4nomo, foi o primeiro no pa\u00eds a criar e distribuir gratuitamente an\u00e1lises di\u00e1rias de mercado para seus clientes com foco no agroneg\u00f3cio, incluindo caf\u00e9, boi, soja, milho, a\u00e7\u00facar e \u00e1lcool. <\/p>\n<p>Em sua carreira, atuou no banco americano de investimentos Bulltick Capital Markets, como Head de Commodities Trading, e na empresa de investimentos Latour Capital, na\n\u00e1rea de Structured Finance.\n<\/p>\n<p>Ademais, foi s\u00f3cio e diretor da Ask Gestora de Recursos Ltda., entre os anos de 2009 e 2017, bem como da WNT Gestora de Recursos Ltda., atualmente ocupando a posi\u00e7\u00e3o de Diretor Executivo de Neg\u00f3cios da WNT DTVM.<\/p>\n<p><a href=\"https:\/\/www.linkedin.com\/in\/val%C3%A9rio-marega-j%C3%BAnior-b83b751\/\" target=\"_blank\" rel=\"noopener\" tabindex=\"0\"><img style=\"width: 40px;margin-top: 10px\" src=\"https:\/\/www.wntdtvm.com\/wp-content\/uploads\/2022\/07\/pinpng.com-linkedin-png-533635.png\" alt=\"LinkedIn\"><\/a><\/p>\n<\/div><\/div><\/div><\/div><div class=\"elementor-repeater-item-802f396 swiper-slide\"><div class=\"swiper-slide-bg\"><\/div><div class=\"swiper-slide-inner\" ><div class=\"swiper-slide-contents\"><div class=\"elementor-slide-heading\">Elienos Pereira de Oliveira Filho<\/div><div class=\"elementor-slide-description\"><p style=\"font-size:25px\">Diretor de Administra\u00e7\u00e3o Fiduci\u00e1ria<\/p>\n<p>Formado em f\u00edsica pela Universdade de S\u00e3o Paulo (USP) e PhD em f\u00edsica pela mesma Universidade.<\/p>\n<p>Com passagens por outras institui\u00e7\u00f5es do mercado financeiro, como More Invest Asset Management e UBS Bank, possui experi\u00eancia em gest\u00e3o de risco operacional, gest\u00e3o de portf\u00f3lio, trading quantitativo e negocia\u00e7\u00e3o de ativos em m\u00faltiplas classes e mercados.<\/p>\n<p>Atualmente ocupa o cargo de Diretor de Administra\u00e7\u00e3o Fiduci\u00e1ria da WNT DTVM.<\/p>\n<\/div><\/div><\/div><\/div><div class=\"elementor-repeater-item-e1183dc swiper-slide\"><div class=\"swiper-slide-bg\"><\/div><div class=\"swiper-slide-inner\" ><div class=\"swiper-slide-contents\"><div class=\"elementor-slide-heading\">Ana Goulart<\/div><div class=\"elementor-slide-description\"><p style=\"font-size:25px\">Diretora de Compliance e Controles Internos<\/p>\n<p>Com mais de cinco anos de experi\u00eancia no mercado financeiro, a Sra. Ana atuou com foco em Compliance, PLD\/FT, LGPD e direito regulat\u00f3rio. Foi respons\u00e1vel pela estrutura\u00e7\u00e3o e condu\u00e7\u00e3o de programas de Compliance na Listo Tecnologia e na PayGo (grupo C6 Bank), com forte interface com o Banco Central e o COAF, al\u00e9m da condu\u00e7\u00e3o de investiga\u00e7\u00f5es internas, treinamentos e desenvolvimento de pol\u00edticas.<\/p>\n<p>No jur\u00eddico, teve passagens por empresas como Louis Dreyfus e Citibank, atuando no consultivo c\u00edvel e suporte \u00e0 \u00e1rea financeira. Tamb\u00e9m trabalhou no escrit\u00f3rio Focaccia, Amaral e Lamonica, assessorando empresas em temas de Compliance e tecnologia.<\/p>\n<p>Atualmente ocupa a posi\u00e7\u00e3o de Diretora de Compliance e Controles Internos da WNT DTVM.<\/p>\n<\/div><\/div><\/div><\/div><div class=\"elementor-repeater-item-f4e9fc7 swiper-slide\"><div class=\"swiper-slide-bg\"><\/div><div class=\"swiper-slide-inner\" ><div class=\"swiper-slide-contents\"><div class=\"elementor-slide-heading\">Rosana Muniz<\/div><div class=\"elementor-slide-description\"><p style=\"font-size:25px;line-height: 30px\">Diretora Financeira<\/p>\n<p>Contadora formada pela Faculdade Oswaldo Cruz, atuando como profissional no mercado desde a d\u00e9cada de 90, nas \u00e1reas financeira, cont\u00e1bil e fiscal.<\/p>\n<p>Acumulou experi\u00eancia sendo a respons\u00e1vel pela \u00e1rea cont\u00e1bil-financeira da WNT Gestora de Recursos Ltda.<\/p>\n<p>Atualmente ocupa a posi\u00e7\u00e3o de Diretora Financeira da WNT DTVM.<\/p>\n<\/div><\/div><\/div><\/div><div class=\"elementor-repeater-item-77bfeac swiper-slide\"><div class=\"swiper-slide-bg\"><\/div><div class=\"swiper-slide-inner\" ><div class=\"swiper-slide-contents\"><div class=\"elementor-slide-heading\">Rui Pereira<\/div><div class=\"elementor-slide-description\"><p style=\"font-size:25px;line-height: 30px\">Diretor de Coordena\u00e7\u00e3o de Ofertas P\u00fablicas<\/p>\n<p>Com uma trajet\u00f3ria consolidada no mercado financeiro, Rui Pereira atua como Analista de Mercado de Capitais e Commodities e Trader. Sua experi\u00eancia no setor se inicia em 1999, quando ingressou na \u00e1rea como AAI, atuando por uma d\u00e9cada vinculado ao antigo Banco Indusval. Durante esse per\u00edodo, desenvolveu profundo conhecimento em intermedia\u00e7\u00e3o financeira, estrutura\u00e7\u00e3o de opera\u00e7\u00f5es e an\u00e1lise de mercado, consolidando uma vis\u00e3o estrat\u00e9gica voltada \u00e0 maximiza\u00e7\u00e3o de oportunidades para investidores.<\/p>\n<p>Desde 2018, integra a equipe da WNT Capital, onde se especializa em trading de commodities e opera\u00e7\u00f5es estruturadas no mercado financeiro. Sua atua\u00e7\u00e3o abrange desde a negocia\u00e7\u00e3o de ativos e derivativos at\u00e9 a implementa\u00e7\u00e3o de estrat\u00e9gias avan\u00e7adas de gest\u00e3o de risco e rentabilidade. Com um olhar anal\u00edtico e data-driven, contribui para a otimiza\u00e7\u00e3o de portf\u00f3lios e a identifica\u00e7\u00e3o de tend\u00eancias mercadol\u00f3gicas que impactam diretamente os setores de commodities e investimentos estruturados.<\/p>\n<\/div><\/div><\/div><\/div>\t\t\t\t<\/div>\n\t\t\t\t\t\t\t\t\t\t\t\t\t\t\t\t\t\t\t\t<div class=\"elementor-swiper-button elementor-swiper-button-prev\">\n\t\t\t\t\t\t\t<i aria-hidden=\"true\" class=\"eicon-chevron-left\"><\/i>\t\t\t\t\t\t\t<span class=\"elementor-screen-only\">Previous<\/span>\n\t\t\t\t\t\t<\/div>\n\t\t\t\t\t\t<div class=\"elementor-swiper-button elementor-swiper-button-next\">\n\t\t\t\t\t\t\t<i aria-hidden=\"true\" class=\"eicon-chevron-right\"><\/i>\t\t\t\t\t\t\t<span class=\"elementor-screen-only\">Next<\/span>\n\t\t\t\t\t\t<\/div>\n\t\t\t\t\t\t\t\t\t\t\t\t<\/div>\n\t\t<\/div>\n\t\t\t\t<\/div>\n\t\t\t\t<\/div>\n\t\t\t\t\t<\/div>\n\t\t<\/div>\n\t\t\t\t\t\t\t<\/div>\n\t\t<\/section>\n\t\t\t\t\t\t\t<\/div>","protected":false},"excerpt":{"rendered":"<p>https:\/\/wntdtvm.com\/wp-content\/uploads\/2022\/06\/gifwntedit.mp4 A experi\u00eancia e sofistica\u00e7\u00e3o de produtos financeiros em uma \u00fanica plataforma Sobre a WNT Somos uma distribuidora de t\u00edtulos e valores mobili\u00e1rios fundada por profissionais com experi\u00eancia comprovada e com uma vis\u00e3o disruptiva dos neg\u00f3cios de administra\u00e7\u00e3o fiduci\u00e1ria de fundos de investimento, especialmente de cr\u00e9dito e de pagamentos, com o objetivo de identificar oportunidades [&hellip;]<\/p>","protected":false},"author":2,"featured_media":0,"parent":0,"menu_order":0,"comment_status":"closed","ping_status":"closed","template":"elementor_header_footer","meta":{"_monsterinsights_skip_tracking":false,"_monsterinsights_sitenote_active":false,"_monsterinsights_sitenote_note":"","_monsterinsights_sitenote_category":0},"aioseo_notices":[],"_links":{"self":[{"href":"https:\/\/www.wntdtvm.com\/en\/wp-json\/wp\/v2\/pages\/89"}],"collection":[{"href":"https:\/\/www.wntdtvm.com\/en\/wp-json\/wp\/v2\/pages"}],"about":[{"href":"https:\/\/www.wntdtvm.com\/en\/wp-json\/wp\/v2\/types\/page"}],"author":[{"embeddable":true,"href":"https:\/\/www.wntdtvm.com\/en\/wp-json\/wp\/v2\/users\/2"}],"replies":[{"embeddable":true,"href":"https:\/\/www.wntdtvm.com\/en\/wp-json\/wp\/v2\/comments?post=89"}],"version-history":[{"count":165,"href":"https:\/\/www.wntdtvm.com\/en\/wp-json\/wp\/v2\/pages\/89\/revisions"}],"predecessor-version":[{"id":1070,"href":"https:\/\/www.wntdtvm.com\/en\/wp-json\/wp\/v2\/pages\/89\/revisions\/1070"}],"wp:attachment":[{"href":"https:\/\/www.wntdtvm.com\/en\/wp-json\/wp\/v2\/media?parent=89"}],"curies":[{"name":"wp","href":"https:\/\/api.w.org\/{rel}","templated":true}]}}